{"id":12,"date":"2026-02-07T10:51:02","date_gmt":"2026-02-07T10:51:02","guid":{"rendered":"https:\/\/wp-preprod.gitesdelozere.com\/?page_id=12"},"modified":"2026-02-07T10:51:02","modified_gmt":"2026-02-07T10:51:02","slug":"gite1","status":"publish","type":"page","link":"https:\/\/wp-preprod.gitesdelozere.com\/index.php\/gite1\/","title":{"rendered":"G\u00eete1"},"content":{"rendered":"<div class=\"et_pb_section_0 et_pb_section et_section_regular et_block_section\"><div class=\"et_pb_row_0 et_pb_row et_block_row preset--module--divi-row--5138c454-be54-4233-bd3b-f8e6a8747976\"><div class=\"et_pb_column_0 et_pb_column et_pb_column_4_4 et-last-child et_block_column et_pb_css_mix_blend_mode_passthrough preset--module--divi-column--73121f80-a3ef-4484-8763-c3f18e3c56d2\"><div class=\"et_pb_heading_0 et_pb_heading et_pb_module et_flex_module preset--module--divi-heading--f0c675ea-2574-4d0e-b725-30f8550a8550\"><div class=\"et_pb_heading_container\"><h4 class=\"et_pb_module_header\">D\u00e9couvrez le Charme Unique de Notre Premier G\u00eete<\/h4><\/div><\/div><div class=\"et_pb_heading_1 et_pb_heading et_pb_module et_flex_module preset--module--divi-heading--ddeb8c09-9078-4424-bc15-2efb6572e28e\"><div class=\"et_pb_heading_container\"><h1 class=\"et_pb_module_header\">G\u00eete1 : Un Havre de Paix en Loz\u00e8re<\/h1><\/div><\/div><div class=\"et_pb_text_0 et_pb_text et_pb_bg_layout_light et_pb_module et_flex_module et_pb_text_align_center preset--module--divi-text--default\"><div class=\"et_pb_text_inner\"><p>Plongez dans l'atmosph\u00e8re sereine de notre premier g\u00eete, o\u00f9 chaque instant est une invitation \u00e0 la d\u00e9tente au c\u0153ur de la nature pr\u00e9serv\u00e9e de Loz\u00e8re.<\/p>\n<\/div><\/div><div class=\"et_pb_module et_pb_button_module_wrapper et_pb_button_0_wrapper preset--module--divi-button--default_wrapper\"><a class=\"et_pb_button_0 et_pb_button et_pb_bg_layout_light et_pb_module et_flex_module preset--module--divi-button--default\" href=\"\">Explorez G\u00eete1<\/a><\/div><div class=\"et_pb_image_0 et_pb_image et_pb_module et_flex_module preset--module--divi-image--1cc6152f-565c-4c4d-b0c9-cf8c9576c341\"><span class=\"et_pb_image_wrap\"><img decoding=\"async\" src=\"https:\/\/images.unsplash.com\/photo-1615134732800-ca7ef7a3388c?ixid=M3w1ODkyNzF8MHwxfHNlYXJjaHwzfHxzZXJlbmUlMjBuYXR1cmUlMjBsYW5kc2NhcGV8ZW58MHwwfHx8MTc3MDM4NzM4OHww&#038;ixlib=rb-4.1.0&#038;fm=webp&#038;fit=crop&#038;crop=entropy&#038;w=1080&#038;h=600&#038;q=20&#038;dpr=2\" title=\"1080x600\" \/><\/span><\/div><\/div><\/div><\/div><div class=\"et_pb_section_1 et_pb_section et_section_regular et_block_section\"><div class=\"et_pb_row_1 et_pb_row et_block_row preset--module--divi-row--5138c454-be54-4233-bd3b-f8e6a8747976\"><div class=\"et_pb_column_1 et_pb_column et_pb_column_4_4 et-last-child et_block_column et_pb_css_mix_blend_mode_passthrough preset--module--divi-column--73121f80-a3ef-4484-8763-c3f18e3c56d2\"><div class=\"et_pb_heading_2 et_pb_heading et_pb_module et_flex_module preset--module--divi-heading--f0c675ea-2574-4d0e-b725-30f8550a8550\"><div class=\"et_pb_heading_container\"><h4 class=\"et_pb_module_header\">Un \u00c9crin de S\u00e9r\u00e9nit\u00e9<\/h4><\/div><\/div><div class=\"et_pb_heading_3 et_pb_heading et_pb_module et_flex_module preset--module--divi-heading--default\"><div class=\"et_pb_heading_container\"><h2 class=\"et_pb_module_header\">G\u00eete1 : Charme et Confort<\/h2><\/div><\/div><div class=\"et_pb_text_1 et_pb_text et_pb_bg_layout_light et_pb_module et_flex_module preset--module--divi-text--default\"><div class=\"et_pb_text_inner\"><p>Situ\u00e9 au c\u0153ur de la nature sauvage de Loz\u00e8re, G\u00eete1 vous accueille dans un cadre enchanteur, m\u00ealant authenticit\u00e9 et modernit\u00e9. Ce g\u00eete de charme, nich\u00e9 entre for\u00eats et montagnes, offre un espace de vie spacieux et lumineux, id\u00e9al pour se ressourcer. Profitez de son salon chaleureux avec chemin\u00e9e, de sa cuisine enti\u00e8rement \u00e9quip\u00e9e et de ses chambres confortables, chacune d\u00e9cor\u00e9e avec soin pour garantir un s\u00e9jour inoubliable. Les mat\u00e9riaux naturels, tels que le bois et la pierre, cr\u00e9ent une ambiance apaisante et authentique, parfaite pour une escapade loin du tumulte quotidien.<\/p>\n<\/div><\/div><\/div><\/div><\/div><div class=\"et_pb_section_2 et_pb_section et_section_regular et_block_section\"><div class=\"et_pb_row_2 et_pb_row et_block_row preset--module--divi-row--333b8a65-5730-490d-b80e-51611171c668\"><div class=\"et_pb_column_2 et_pb_column et_pb_column_3_5 et_block_column et_pb_css_mix_blend_mode_passthrough preset--module--divi-column--73121f80-a3ef-4484-8763-c3f18e3c56d2\"><div class=\"et_pb_heading_4 et_pb_heading et_pb_module et_flex_module preset--module--divi-heading--default\"><div class=\"et_pb_heading_container\"><h2 class=\"et_pb_module_header\">Capacit\u00e9 d'Accueil<\/h2><\/div><\/div><\/div><div class=\"et_pb_column_3 et_pb_column et_pb_column_2_5 et-last-child et_block_column et_pb_css_mix_blend_mode_passthrough preset--module--divi-column--73121f80-a3ef-4484-8763-c3f18e3c56d2\"><div class=\"et_pb_text_2 et_pb_text et_pb_bg_layout_light et_pb_module et_flex_module preset--module--divi-text--0504de1e-f5ff-4281-ba60-cbbe4edf98bc\"><div class=\"et_pb_text_inner\"><p>G\u00eete1 peut accueillir confortablement jusqu'\u00e0 6 personnes, avec deux chambres doubles et un canap\u00e9-lit dans le salon. Que vous voyagiez en famille ou entre amis, ce g\u00eete offre l'espace et le confort n\u00e9cessaires pour un s\u00e9jour agr\u00e9able. Les espaces ext\u00e9rieurs, avec terrasse et jardin, permettent de profiter pleinement de la nature environnante.<\/p>\n<\/div><\/div><\/div><\/div><\/div><div class=\"et_pb_section_3 et_pb_section et_section_regular et_block_section\"><div class=\"et_pb_row_3 et_pb_row et_pb_equal_columns et_block_row preset--module--divi-row--5138c454-be54-4233-bd3b-f8e6a8747976\"><div class=\"et_pb_column_4 et_pb_column et_pb_column_1_3 et_block_column et_pb_css_mix_blend_mode_passthrough preset--module--divi-column--73121f80-a3ef-4484-8763-c3f18e3c56d2\"><div class=\"et_pb_heading_5 et_pb_heading et_pb_module et_flex_module preset--module--divi-heading--ba4a6336-701f-47b8-bf5c-09da0ce28016\"><div class=\"et_pb_heading_container\"><h2 class=\"et_pb_module_header\">\u00c9quipements de G\u00eete1<\/h2><\/div><\/div><div class=\"et_pb_text_3 et_pb_text et_pb_bg_layout_light et_pb_module et_flex_module preset--module--divi-text--default\"><div class=\"et_pb_text_inner\"><p>D\u00e9couvrez les \u00e9quipements de G\u00eete1, con\u00e7us pour offrir un confort optimal et une commodit\u00e9 sans pareil.<\/p>\n<\/div><\/div><div class=\"et_pb_module et_pb_button_module_wrapper et_pb_button_1_wrapper preset--module--divi-button--default_wrapper\"><a class=\"et_pb_button_1 et_pb_button et_pb_bg_layout_light et_pb_module et_flex_module preset--module--divi-button--default\" href=\"\">Voir Plus<\/a><\/div><\/div><div class=\"et_pb_column_5 et_pb_column et_pb_column_1_3 et_block_column et_pb_css_mix_blend_mode_passthrough preset--module--divi-column--50607da8-57bc-4d4b-aaef-f02e41c2cc4a\"><div class=\"et_pb_blurb_0 et_pb_blurb et_pb_bg_layout_light et_pb_blurb_position_top et_pb_module et_flex_module preset--module--divi-blurb--212b201d-2c34-41bd-936c-851b7357d08b\"><div class=\"et_pb_blurb_content et_flex_module\"><div class=\"et_pb_main_blurb_image\"><span class=\"et_pb_image_wrap\"><span class=\"et-pb-icon et-waypoint et_pb_animation_off et_pb_animation_off_tablet et_pb_animation_off_phone\">\ue005<\/span><\/span><\/div><div class=\"et_pb_blurb_container\"><h4 class=\"et_pb_module_header\">Cuisine \u00c9quip\u00e9e<\/h4><div class=\"et_pb_blurb_description\"><p>Profitez d'une cuisine moderne avec tous les appareils n\u00e9cessaires pour pr\u00e9parer vos repas comme \u00e0 la maison.<\/p>\n<\/div><\/div><\/div><\/div><\/div><div class=\"et_pb_column_6 et_pb_column et_pb_column_1_3 et-last-child et_block_column et_pb_css_mix_blend_mode_passthrough preset--module--divi-column--50607da8-57bc-4d4b-aaef-f02e41c2cc4a\"><div class=\"et_pb_blurb_1 et_pb_blurb et_pb_bg_layout_light et_pb_blurb_position_top et_pb_module et_flex_module preset--module--divi-blurb--212b201d-2c34-41bd-936c-851b7357d08b\"><div class=\"et_pb_blurb_content et_flex_module\"><div class=\"et_pb_main_blurb_image\"><span class=\"et_pb_image_wrap\"><span class=\"et-pb-icon et-waypoint et_pb_animation_off et_pb_animation_off_tablet et_pb_animation_off_phone\">\ue012<\/span><\/span><\/div><div class=\"et_pb_blurb_container\"><h4 class=\"et_pb_module_header\">Wi-Fi Gratuit<\/h4><div class=\"et_pb_blurb_description\"><p>Restez connect\u00e9 avec notre connexion Wi-Fi haut d\u00e9bit, disponible gratuitement dans tout le g\u00eete.<\/p>\n<\/div><\/div><\/div><\/div><\/div><\/div><div class=\"et_pb_row_4 et_pb_row et_pb_equal_columns et_block_row preset--module--divi-row--5138c454-be54-4233-bd3b-f8e6a8747976\"><div class=\"et_pb_column_7 et_pb_column et_pb_column_1_3 et_block_column et_pb_column_empty et_pb_css_mix_blend_mode_passthrough preset--module--divi-column--73121f80-a3ef-4484-8763-c3f18e3c56d2\"><\/div><div class=\"et_pb_column_8 et_pb_column et_pb_column_1_3 et_block_column et_pb_css_mix_blend_mode_passthrough preset--module--divi-column--50607da8-57bc-4d4b-aaef-f02e41c2cc4a\"><div class=\"et_pb_blurb_2 et_pb_blurb et_pb_bg_layout_light et_pb_blurb_position_top et_pb_module et_flex_module preset--module--divi-blurb--212b201d-2c34-41bd-936c-851b7357d08b\"><div class=\"et_pb_blurb_content et_flex_module\"><div class=\"et_pb_main_blurb_image\"><span class=\"et_pb_image_wrap\"><span class=\"et-pb-icon et-waypoint et_pb_animation_off et_pb_animation_off_tablet et_pb_animation_off_phone\">\uf018<\/span><\/span><\/div><div class=\"et_pb_blurb_container\"><h4 class=\"et_pb_module_header\">Espace Ext\u00e9rieur<\/h4><div class=\"et_pb_blurb_description\"><p>D\u00e9tendez-vous dans notre jardin priv\u00e9, parfait pour les barbecues et les moments de d\u00e9tente en plein air.<\/p>\n<\/div><\/div><\/div><\/div><\/div><div class=\"et_pb_column_9 et_pb_column et_pb_column_1_3 et-last-child et_block_column et_pb_css_mix_blend_mode_passthrough preset--module--divi-column--50607da8-57bc-4d4b-aaef-f02e41c2cc4a\"><div class=\"et_pb_blurb_3 et_pb_blurb et_pb_bg_layout_light et_pb_blurb_position_top et_pb_module et_flex_module preset--module--divi-blurb--212b201d-2c34-41bd-936c-851b7357d08b\"><div class=\"et_pb_blurb_content et_flex_module\"><div class=\"et_pb_main_blurb_image\"><span class=\"et_pb_image_wrap\"><span class=\"et-pb-icon et-waypoint et_pb_animation_off et_pb_animation_off_tablet et_pb_animation_off_phone\">\uf487<\/span><\/span><\/div><div class=\"et_pb_blurb_container\"><h4 class=\"et_pb_module_header\">Chambres Confortables<\/h4><div class=\"et_pb_blurb_description\"><p>Nos chambres spacieuses sont \u00e9quip\u00e9es de literie de qualit\u00e9 pour garantir des nuits paisibles.<\/p>\n<\/div><\/div><\/div><\/div><\/div><\/div><\/div><div class=\"et_pb_section_4 et_pb_section et_section_regular et_block_section\"><div class=\"et_pb_row_5 et_pb_row et_block_row preset--module--divi-row--5138c454-be54-4233-bd3b-f8e6a8747976\"><div class=\"et_pb_column_10 et_pb_column et_pb_column_4_4 et-last-child et_block_column et_pb_css_mix_blend_mode_passthrough preset--module--divi-column--73121f80-a3ef-4484-8763-c3f18e3c56d2\"><div class=\"et_pb_heading_6 et_pb_heading et_pb_module et_flex_module preset--module--divi-heading--f0c675ea-2574-4d0e-b725-30f8550a8550\"><div class=\"et_pb_heading_container\"><h4 class=\"et_pb_module_header\">Ambiance de G\u00eete1<\/h4><\/div><\/div><div class=\"et_pb_heading_7 et_pb_heading et_pb_module et_flex_module preset--module--divi-heading--8c21dae4-c59d-4c2b-958c-0e045c7f06d6\"><div class=\"et_pb_heading_container\"><h4 class=\"et_pb_module_header\">Une Atmosph\u00e8re Chaleureuse et Authentique<\/h4><\/div><\/div><div class=\"et_pb_text_4 et_pb_text et_pb_bg_layout_light et_pb_module et_flex_module preset--module--divi-text--default\"><div class=\"et_pb_text_inner\"><p>G\u00eete1 vous accueille dans une ambiance chaleureuse o\u00f9 chaque d\u00e9tail a \u00e9t\u00e9 pens\u00e9 pour cr\u00e9er une atmosph\u00e8re conviviale et authentique. Les murs en pierre apparente et les poutres en bois apportent une touche rustique, tandis que la d\u00e9coration soign\u00e9e et les couleurs douces invitent \u00e0 la d\u00e9tente. Laissez-vous s\u00e9duire par le charme intemporel de ce lieu, o\u00f9 le confort moderne se marie harmonieusement avec le caract\u00e8re traditionnel.<\/p>\n<\/div><\/div><\/div><\/div><\/div><div class=\"et_pb_section_5 et_pb_section et_section_regular et_block_section\"><div class=\"et_pb_row_6 et_pb_row et_block_row preset--module--divi-row--5138c454-be54-4233-bd3b-f8e6a8747976\"><div class=\"et_pb_column_11 et_pb_column et_pb_column_4_4 et-last-child et_block_column et_pb_css_mix_blend_mode_passthrough preset--module--divi-column--73121f80-a3ef-4484-8763-c3f18e3c56d2\"><div class=\"et_pb_heading_8 et_pb_heading et_pb_module et_flex_module preset--module--divi-heading--f0c675ea-2574-4d0e-b725-30f8550a8550\"><div class=\"et_pb_heading_container\"><h4 class=\"et_pb_module_header\">Galerie de Photos de G\u00eete1<\/h4><\/div><\/div><div class=\"et_pb_heading_9 et_pb_heading et_pb_module et_flex_module preset--module--divi-heading--default\"><div class=\"et_pb_heading_container\"><h2 class=\"et_pb_module_header\">D\u00e9couvrez la Beaut\u00e9 de G\u00eete1<\/h2><\/div><\/div><\/div><\/div><div class=\"et_pb_row_7 et_pb_row et_pb_row_4col et_block_row et_block_row_4col preset--module--divi-row--5138c454-be54-4233-bd3b-f8e6a8747976\"><div class=\"et_pb_column_12 et_pb_column et_pb_column_1_4 et_block_column et_pb_css_mix_blend_mode_passthrough preset--module--divi-column--73121f80-a3ef-4484-8763-c3f18e3c56d2\"><div class=\"et_pb_image_1 et_pb_image et_pb_has_overlay et_pb_module et_flex_module preset--module--divi-image--6ed8fd5c-62c5-4100-98c3-7b8b6d2c2ee6\"><a href=\"https:\/\/images.unsplash.com\/photo-1748007702852-afd852d6f1b5?ixid=M3w1ODkyNzF8MHwxfHNlYXJjaHw5fHxjb3p5JTIwcnVzdGljJTIwY2FiaW58ZW58MHwwfHx8MTc3MDQ2MTMwNHww&#038;ixlib=rb-4.1.0&#038;fm=webp&#038;fit=crop&#038;crop=entropy&#038;w=800&#038;h=600&#038;q=20&#038;dpr=2\" class=\"et_pb_lightbox_image\"><span class=\"et_pb_image_wrap\"><img decoding=\"async\" src=\"https:\/\/images.unsplash.com\/photo-1748007702852-afd852d6f1b5?ixid=M3w1ODkyNzF8MHwxfHNlYXJjaHw5fHxjb3p5JTIwcnVzdGljJTIwY2FiaW58ZW58MHwwfHx8MTc3MDQ2MTMwNHww&#038;ixlib=rb-4.1.0&#038;fm=webp&#038;fit=crop&#038;crop=entropy&#038;w=800&#038;h=600&#038;q=20&#038;dpr=2\" title=\"800x600\" \/><span class=\"et_overlay\"><\/span><\/span><\/a><\/div><div class=\"et_pb_image_2 et_pb_image et_pb_has_overlay et_pb_module et_flex_module preset--module--divi-image--6ed8fd5c-62c5-4100-98c3-7b8b6d2c2ee6\"><a href=\"https:\/\/images.unsplash.com\/photo-1758812598083-3793dd46195f?ixid=M3w1ODkyNzF8MHwxfHNlYXJjaHwxfHxpbnZpdGluZyUyMG91dGRvb3IlMjB0ZXJyYWNlfGVufDB8MXx8fDE3NzA0NjEzMDR8MA&#038;ixlib=rb-4.1.0&#038;fm=webp&#038;fit=crop&#038;crop=entropy&#038;w=800&#038;h=1080&#038;q=20&#038;dpr=2\" class=\"et_pb_lightbox_image\"><span class=\"et_pb_image_wrap\"><img decoding=\"async\" src=\"https:\/\/images.unsplash.com\/photo-1758812598083-3793dd46195f?ixid=M3w1ODkyNzF8MHwxfHNlYXJjaHwxfHxpbnZpdGluZyUyMG91dGRvb3IlMjB0ZXJyYWNlfGVufDB8MXx8fDE3NzA0NjEzMDR8MA&#038;ixlib=rb-4.1.0&#038;fm=webp&#038;fit=crop&#038;crop=entropy&#038;w=800&#038;h=1080&#038;q=20&#038;dpr=2\" title=\"800x1080\" \/><span class=\"et_overlay\"><\/span><\/span><\/a><\/div><\/div><div class=\"et_pb_column_13 et_pb_column et_pb_column_1_4 et_block_column et_pb_css_mix_blend_mode_passthrough preset--module--divi-column--73121f80-a3ef-4484-8763-c3f18e3c56d2\"><div class=\"et_pb_image_3 et_pb_image et_pb_has_overlay et_pb_module et_flex_module preset--module--divi-image--6ed8fd5c-62c5-4100-98c3-7b8b6d2c2ee6\"><a href=\"https:\/\/images.unsplash.com\/photo-1766848735775-599da7dccc73?ixid=M3w1ODkyNzF8MHwxfHNlYXJjaHw5fHxjaGFybWluZyUyMGdhcmRlbiUyMHZpZXd8ZW58MHwxfHx8MTc3MDQ2MTMwNXww&#038;ixlib=rb-4.1.0&#038;fm=webp&#038;fit=crop&#038;crop=entropy&#038;w=800&#038;h=1080&#038;q=20&#038;dpr=2\" class=\"et_pb_lightbox_image\"><span class=\"et_pb_image_wrap\"><img decoding=\"async\" src=\"https:\/\/images.unsplash.com\/photo-1766848735775-599da7dccc73?ixid=M3w1ODkyNzF8MHwxfHNlYXJjaHw5fHxjaGFybWluZyUyMGdhcmRlbiUyMHZpZXd8ZW58MHwxfHx8MTc3MDQ2MTMwNXww&#038;ixlib=rb-4.1.0&#038;fm=webp&#038;fit=crop&#038;crop=entropy&#038;w=800&#038;h=1080&#038;q=20&#038;dpr=2\" title=\"800x1080\" \/><span class=\"et_overlay\"><\/span><\/span><\/a><\/div><div class=\"et_pb_image_4 et_pb_image et_pb_has_overlay et_pb_module et_flex_module preset--module--divi-image--6ed8fd5c-62c5-4100-98c3-7b8b6d2c2ee6\"><a href=\"https:\/\/images.unsplash.com\/photo-1645102136866-0d83d6dab851?ixid=M3w1ODkyNzF8MHwxfHNlYXJjaHw0fHxwZWFjZWZ1bCUyMG1vdW50YWluJTIwc2NlbmVyeXxlbnwwfDB8fHwxNzcwNDYxMzA1fDA&#038;ixlib=rb-4.1.0&#038;fm=webp&#038;fit=crop&#038;crop=entropy&#038;w=800&#038;h=600&#038;q=20&#038;dpr=2\" class=\"et_pb_lightbox_image\"><span class=\"et_pb_image_wrap\"><img decoding=\"async\" src=\"https:\/\/images.unsplash.com\/photo-1645102136866-0d83d6dab851?ixid=M3w1ODkyNzF8MHwxfHNlYXJjaHw0fHxwZWFjZWZ1bCUyMG1vdW50YWluJTIwc2NlbmVyeXxlbnwwfDB8fHwxNzcwNDYxMzA1fDA&#038;ixlib=rb-4.1.0&#038;fm=webp&#038;fit=crop&#038;crop=entropy&#038;w=800&#038;h=600&#038;q=20&#038;dpr=2\" title=\"800x600\" \/><span class=\"et_overlay\"><\/span><\/span><\/a><\/div><\/div><div class=\"et_pb_column_14 et_pb_column et_pb_column_1_4 et_block_column et_pb_css_mix_blend_mode_passthrough preset--module--divi-column--73121f80-a3ef-4484-8763-c3f18e3c56d2\"><div class=\"et_pb_image_5 et_pb_image et_pb_has_overlay et_pb_module et_flex_module preset--module--divi-image--6ed8fd5c-62c5-4100-98c3-7b8b6d2c2ee6\"><a href=\"https:\/\/images.unsplash.com\/photo-1758502577899-93fcb9668429?ixid=M3w1ODkyNzF8MHwxfHNlYXJjaHw4fHx0cmFucXVpbCUyMGZvcmVzdCUyMHBhdGh8ZW58MHwwfHx8MTc3MDQ2MTI4NHww&#038;ixlib=rb-4.1.0&#038;fm=webp&#038;fit=crop&#038;crop=entropy&#038;w=800&#038;h=600&#038;q=20&#038;dpr=2\" class=\"et_pb_lightbox_image\"><span class=\"et_pb_image_wrap\"><img decoding=\"async\" src=\"https:\/\/images.unsplash.com\/photo-1758502577899-93fcb9668429?ixid=M3w1ODkyNzF8MHwxfHNlYXJjaHw4fHx0cmFucXVpbCUyMGZvcmVzdCUyMHBhdGh8ZW58MHwwfHx8MTc3MDQ2MTI4NHww&#038;ixlib=rb-4.1.0&#038;fm=webp&#038;fit=crop&#038;crop=entropy&#038;w=800&#038;h=600&#038;q=20&#038;dpr=2\" title=\"800x600\" \/><span class=\"et_overlay\"><\/span><\/span><\/a><\/div><div class=\"et_pb_image_6 et_pb_image et_pb_has_overlay et_pb_module et_flex_module preset--module--divi-image--6ed8fd5c-62c5-4100-98c3-7b8b6d2c2ee6\"><a href=\"https:\/\/images.unsplash.com\/photo-1759362622366-d623ba3346ac?ixid=M3w1ODkyNzF8MHwxfHNlYXJjaHwxMHx8c3Vuc2V0JTIwb3ZlciUyMGhpbGxzfGVufDB8MXx8fDE3NzA0NjEyNjR8MA&#038;ixlib=rb-4.1.0&#038;fm=webp&#038;fit=crop&#038;crop=entropy&#038;w=800&#038;h=1080&#038;q=20&#038;dpr=2\" class=\"et_pb_lightbox_image\"><span class=\"et_pb_image_wrap\"><img decoding=\"async\" src=\"https:\/\/images.unsplash.com\/photo-1759362622366-d623ba3346ac?ixid=M3w1ODkyNzF8MHwxfHNlYXJjaHwxMHx8c3Vuc2V0JTIwb3ZlciUyMGhpbGxzfGVufDB8MXx8fDE3NzA0NjEyNjR8MA&#038;ixlib=rb-4.1.0&#038;fm=webp&#038;fit=crop&#038;crop=entropy&#038;w=800&#038;h=1080&#038;q=20&#038;dpr=2\" title=\"800x1080\" \/><span class=\"et_overlay\"><\/span><\/span><\/a><\/div><\/div><div class=\"et_pb_column_15 et_pb_column et_pb_column_1_4 et-last-child et_block_column et_pb_css_mix_blend_mode_passthrough preset--module--divi-column--73121f80-a3ef-4484-8763-c3f18e3c56d2\"><div class=\"et_pb_image_7 et_pb_image et_pb_has_overlay et_pb_module et_flex_module preset--module--divi-image--6ed8fd5c-62c5-4100-98c3-7b8b6d2c2ee6\"><a href=\"https:\/\/images.unsplash.com\/photo-1760341682478-199f96513db0?ixid=M3w1ODkyNzF8MHwxfHNlYXJjaHw4fHxyZWxheGluZyUyMGxha2VzaWRlJTIwcmV0cmVhdHxlbnwwfDF8fHwxNzcwNDYxMzA1fDA&#038;ixlib=rb-4.1.0&#038;fm=webp&#038;fit=crop&#038;crop=entropy&#038;w=800&#038;h=1080&#038;q=20&#038;dpr=2\" class=\"et_pb_lightbox_image\"><span class=\"et_pb_image_wrap\"><img decoding=\"async\" src=\"https:\/\/images.unsplash.com\/photo-1760341682478-199f96513db0?ixid=M3w1ODkyNzF8MHwxfHNlYXJjaHw4fHxyZWxheGluZyUyMGxha2VzaWRlJTIwcmV0cmVhdHxlbnwwfDF8fHwxNzcwNDYxMzA1fDA&#038;ixlib=rb-4.1.0&#038;fm=webp&#038;fit=crop&#038;crop=entropy&#038;w=800&#038;h=1080&#038;q=20&#038;dpr=2\" title=\"800x1080\" \/><span class=\"et_overlay\"><\/span><\/span><\/a><\/div><div class=\"et_pb_image_8 et_pb_image et_pb_has_overlay et_pb_module et_flex_module preset--module--divi-image--6ed8fd5c-62c5-4100-98c3-7b8b6d2c2ee6\"><a href=\"https:\/\/images.unsplash.com\/photo-1761604877516-b29c4ecd1537?ixid=M3w1ODkyNzF8MHwxfHNlYXJjaHw1fHxjb21mb3J0YWJsZSUyMGxpdmluZyUyMHNwYWNlfGVufDB8MHx8fDE3NzA0NjEzMDR8MA&#038;ixlib=rb-4.1.0&#038;fm=webp&#038;fit=crop&#038;crop=entropy&#038;w=800&#038;h=600&#038;q=20&#038;dpr=2\" class=\"et_pb_lightbox_image\"><span class=\"et_pb_image_wrap\"><img decoding=\"async\" src=\"https:\/\/images.unsplash.com\/photo-1761604877516-b29c4ecd1537?ixid=M3w1ODkyNzF8MHwxfHNlYXJjaHw1fHxjb21mb3J0YWJsZSUyMGxpdmluZyUyMHNwYWNlfGVufDB8MHx8fDE3NzA0NjEzMDR8MA&#038;ixlib=rb-4.1.0&#038;fm=webp&#038;fit=crop&#038;crop=entropy&#038;w=800&#038;h=600&#038;q=20&#038;dpr=2\" title=\"800x600\" \/><span class=\"et_overlay\"><\/span><\/span><\/a><\/div><\/div><\/div><\/div><div class=\"et_pb_section_6 et_pb_section et_section_regular et_block_section\"><div class=\"et_pb_row_8 et_pb_row et_block_row preset--module--divi-row--5138c454-be54-4233-bd3b-f8e6a8747976\"><div class=\"et_pb_column_16 et_pb_column et_pb_column_1_2 et_block_column et_pb_css_mix_blend_mode_passthrough preset--module--divi-column--73121f80-a3ef-4484-8763-c3f18e3c56d2\"><div class=\"et_pb_image_9 et_pb_image et_pb_module et_flex_module preset--module--divi-image--6ed8fd5c-62c5-4100-98c3-7b8b6d2c2ee6\"><span class=\"et_pb_image_wrap\"><img decoding=\"async\" src=\"https:\/\/images.unsplash.com\/photo-1765652583586-2824a676aafc?ixid=M3w1ODkyNzF8MHwxfHNlYXJjaHwxfHx3ZWxjb21pbmclMjBkaW5pbmclMjBhcmVhfGVufDB8MHx8fDE3NzA0NjEzMDR8MA&#038;ixlib=rb-4.1.0&#038;fm=webp&#038;fit=crop&#038;crop=entropy&#038;w=800&#038;h=600&#038;q=20&#038;dpr=2\" title=\"800x600\" \/><\/span><\/div><\/div><div class=\"et_pb_column_17 et_pb_column et_pb_column_1_2 et-last-child et_block_column et_pb_css_mix_blend_mode_passthrough preset--module--divi-column--73121f80-a3ef-4484-8763-c3f18e3c56d2\"><div class=\"et_pb_heading_10 et_pb_heading et_pb_module et_flex_module preset--module--divi-heading--default\"><div class=\"et_pb_heading_container\"><h2 class=\"et_pb_module_header\">R\u00e9servez Votre S\u00e9jour \u00e0 G\u00eete1<\/h2><\/div><\/div><div class=\"et_pb_text_5 et_pb_text et_pb_bg_layout_light et_pb_module et_flex_module preset--module--divi-text--default\"><div class=\"et_pb_text_inner\"><p>Plongez dans un havre de paix en r\u00e9servant d\u00e8s maintenant votre s\u00e9jour au G\u00eete1. Profitez d'un cadre naturel exceptionnel et d'un confort in\u00e9gal\u00e9 pour une exp\u00e9rience inoubliable. Ne manquez pas l'occasion de vous ressourcer au c\u0153ur de la Loz\u00e8re.<\/p>\n<\/div><\/div><div class=\"et_pb_module et_pb_button_module_wrapper et_pb_button_2_wrapper preset--module--divi-button--default_wrapper\"><a class=\"et_pb_button_2 et_pb_button et_pb_bg_layout_light et_pb_module et_flex_module preset--module--divi-button--default\" href=\"\">R\u00e9server Maintenant<\/a><\/div><\/div><\/div><\/div>","protected":false},"excerpt":{"rendered":"","protected":false},"author":1,"featured_media":0,"parent":0,"menu_order":0,"comment_status":"closed","ping_status":"closed","template":"","meta":{"footnotes":""},"class_list":["post-12","page","type-page","status-publish","hentry"],"_links":{"self":[{"href":"https:\/\/wp-preprod.gitesdelozere.com\/index.php\/wp-json\/wp\/v2\/pages\/12","targetHints":{"allow":["GET"]}}],"collection":[{"href":"https:\/\/wp-preprod.gitesdelozere.com\/index.php\/wp-json\/wp\/v2\/pages"}],"about":[{"href":"https:\/\/wp-preprod.gitesdelozere.com\/index.php\/wp-json\/wp\/v2\/types\/page"}],"author":[{"embeddable":true,"href":"https:\/\/wp-preprod.gitesdelozere.com\/index.php\/wp-json\/wp\/v2\/users\/1"}],"replies":[{"embeddable":true,"href":"https:\/\/wp-preprod.gitesdelozere.com\/index.php\/wp-json\/wp\/v2\/comments?post=12"}],"version-history":[{"count":1,"href":"https:\/\/wp-preprod.gitesdelozere.com\/index.php\/wp-json\/wp\/v2\/pages\/12\/revisions"}],"predecessor-version":[{"id":28,"href":"https:\/\/wp-preprod.gitesdelozere.com\/index.php\/wp-json\/wp\/v2\/pages\/12\/revisions\/28"}],"wp:attachment":[{"href":"https:\/\/wp-preprod.gitesdelozere.com\/index.php\/wp-json\/wp\/v2\/media?parent=12"}],"curies":[{"name":"wp","href":"https:\/\/api.w.org\/{rel}","templated":true}]}}