{"id":10,"date":"2026-02-07T10:51:03","date_gmt":"2026-02-07T10:51:03","guid":{"rendered":"https:\/\/wp-preprod.gitesdelozere.com\/?page_id=10"},"modified":"2026-02-07T10:51:03","modified_gmt":"2026-02-07T10:51:03","slug":"gites","status":"publish","type":"page","link":"https:\/\/wp-preprod.gitesdelozere.com\/index.php\/gites\/","title":{"rendered":"G\u00eetes"},"content":{"rendered":"<div class=\"et_pb_section_0 et_pb_section et_section_regular et_block_section preset--module--divi-section--_module_preset=\"><div class=\"et_pb_row_0 et_pb_row et_pb_equal_columns et_block_row preset--module--divi-row--5138c454-be54-4233-bd3b-f8e6a8747976\"><div class=\"et_pb_column_0 et_pb_column et_pb_column_1_2 et_block_column et_pb_css_mix_blend_mode_passthrough preset--module--divi-column--73121f80-a3ef-4484-8763-c3f18e3c56d2\"><div class=\"et_pb_heading_0 et_pb_heading et_pb_module et_flex_module preset--module--divi-heading--f0c675ea-2574-4d0e-b725-30f8550a8550\"><div class=\"et_pb_heading_container\"><h4 class=\"et_pb_module_header\">D\u00e9couvrez Nos Havres de Paix<\/h4><\/div><\/div><div class=\"et_pb_heading_1 et_pb_heading et_pb_module et_flex_module preset--module--divi-heading--ddeb8c09-9078-4424-bc15-2efb6572e28e\"><div class=\"et_pb_heading_container\"><h1 class=\"et_pb_module_header\">G\u00eetes de Loz\u00e8re: \u00c9vasion en Pleine Nature<\/h1><\/div><\/div><div class=\"et_pb_text_0 et_pb_text et_pb_bg_layout_light et_pb_module et_flex_module preset--module--divi-text--default\"><div class=\"et_pb_text_inner\"><p>Plongez dans un monde de tranquillit\u00e9 et de beaut\u00e9 naturelle, o\u00f9 chaque g\u00eete vous promet une exp\u00e9rience unique et ressour\u00e7ante.<\/p>\n<\/div><\/div><div class=\"et_pb_module et_pb_button_module_wrapper et_pb_button_0_wrapper preset--module--divi-button--default_wrapper\"><a class=\"et_pb_button_0 et_pb_button et_pb_bg_layout_light et_pb_module et_flex_module preset--module--divi-button--default\" href=\"\">Explorez Nos G\u00eetes<\/a><\/div><\/div><div class=\"et_pb_column_1 et_pb_column et_pb_column_1_2 et-last-child et_block_column et_pb_css_mix_blend_mode_passthrough preset--module--divi-column--73121f80-a3ef-4484-8763-c3f18e3c56d2\"><div class=\"et_pb_image_0 et_pb_image et_pb_module et_flex_module preset--module--divi-image--1cc6152f-565c-4c4d-b0c9-cf8c9576c341\"><span class=\"et_pb_image_wrap\"><img decoding=\"async\" src=\"https:\/\/images.unsplash.com\/photo-1640557283858-59d8db7327ad?ixid=M3w1ODkyNzF8MHwxfHNlYXJjaHwzfHxjb3p5JTIwY2FiaW4lMjBpbiUyMHdvb2RzfGVufDB8MXx8fDE3NzA0NjEyODR8MA&#038;ixlib=rb-4.1.0&#038;fm=webp&#038;fit=crop&#038;crop=entropy&#038;w=800&#038;h=1080&#038;q=20&#038;dpr=2\" title=\"800x1080\" \/><\/span><\/div><\/div><\/div><\/div><div class=\"et_pb_section_1 et_pb_section et_section_regular et_block_section\"><div class=\"et_pb_row_1 et_pb_row et_block_row preset--module--divi-row--5138c454-be54-4233-bd3b-f8e6a8747976\"><div class=\"et_pb_column_2 et_pb_column et_pb_column_3_5 et_block_column et_pb_css_mix_blend_mode_passthrough preset--module--divi-column--73121f80-a3ef-4484-8763-c3f18e3c56d2\"><div class=\"et_pb_heading_2 et_pb_heading et_pb_module et_flex_module preset--module--divi-heading--f0c675ea-2574-4d0e-b725-30f8550a8550\"><div class=\"et_pb_heading_container\"><h4 class=\"et_pb_module_header\">Un Refuge de Charme<\/h4><\/div><\/div><div class=\"et_pb_heading_3 et_pb_heading et_pb_module et_flex_module preset--module--divi-heading--default\"><div class=\"et_pb_heading_container\"><h2 class=\"et_pb_module_header\">Pr\u00e9sentation des G\u00eetes de Loz\u00e8re<\/h2><\/div><\/div><\/div><div class=\"et_pb_column_3 et_pb_column et_pb_column_2_5 et-last-child et_block_column et_pb_css_mix_blend_mode_passthrough preset--module--divi-column--73121f80-a3ef-4484-8763-c3f18e3c56d2\"><div class=\"et_pb_text_1 et_pb_text et_pb_bg_layout_light et_pb_module et_flex_module preset--module--divi-text--default\"><div class=\"et_pb_text_inner\"><p>Situ\u00e9s au c\u0153ur de la Loz\u00e8re, nos trois g\u00eetes de charme vous accueillent pour un s\u00e9jour inoubliable. Entour\u00e9s de paysages \u00e0 couper le souffle, ces refuges offrent une \u00e9vasion parfaite loin du tumulte de la vie quotidienne. Chaque g\u00eete est un havre de paix, combinant confort moderne et charme rustique, id\u00e9al pour se reconnecter avec la nature.<\/p>\n<\/div><\/div><\/div><\/div><\/div><div class=\"et_pb_section_2 et_pb_section et_section_regular et_block_section preset--module--divi-section--8363d3a1-7f13-4aae-8984-26124f93e21c\"><div class=\"et_pb_row_2 et_pb_row et_block_row preset--module--divi-row--5138c454-be54-4233-bd3b-f8e6a8747976\"><div class=\"et_pb_column_4 et_pb_column et_pb_column_4_4 et-last-child et_block_column et_pb_css_mix_blend_mode_passthrough preset--module--divi-column--73121f80-a3ef-4484-8763-c3f18e3c56d2\"><div class=\"et_pb_heading_4 et_pb_heading et_pb_module et_flex_module preset--module--divi-heading--default\"><div class=\"et_pb_heading_container\"><h2 class=\"et_pb_module_header\">Caract\u00e9ristiques Uniques<\/h2><\/div><\/div><\/div><\/div><div class=\"et_pb_row_3 et_pb_row et_block_row preset--module--divi-row--5138c454-be54-4233-bd3b-f8e6a8747976\"><div class=\"et_pb_column_5 et_pb_column et_pb_column_1_3 et_block_column et_pb_css_mix_blend_mode_passthrough preset--module--divi-column--50607da8-57bc-4d4b-aaef-f02e41c2cc4a\"><div class=\"et_pb_blurb_0 et_pb_blurb et_pb_bg_layout_light et_pb_blurb_position_top et_pb_module et_flex_module preset--module--divi-blurb--default\"><div class=\"et_pb_blurb_content et_flex_module\"><div class=\"et_pb_main_blurb_image\"><span class=\"et_pb_image_wrap et_pb_only_image_mode_wrap\"><img decoding=\"async\" src=\"https:\/\/images.unsplash.com\/photo-1757416654883-c73c67b3382b?ixid=M3w1ODkyNzF8MHwxfHNlYXJjaHwyfHxjb21mb3J0YWJsZSUyMHJ1c3RpYyUyMGludGVyaW9yfGVufDB8MHx8fDE3NzA0NjEyODR8MA&#038;ixlib=rb-4.1.0&#038;fm=webp&#038;fit=crop&#038;crop=entropy&#038;w=800&#038;h=600&#038;q=20&#038;dpr=2\" class=\"et-waypoint et_pb_animation_off et_pb_animation_off_tablet et_pb_animation_off_phone\" \/><\/span><\/div><div class=\"et_pb_blurb_container\"><h4 class=\"et_pb_module_header\">G\u00eete de la For\u00eat<\/h4><div class=\"et_pb_blurb_description\"><p>Immergez-vous dans la tranquillit\u00e9 d'une for\u00eat luxuriante, avec un int\u00e9rieur chaleureux et des \u00e9quipements modernes pour un confort optimal.<\/p>\n<\/div><\/div><\/div><\/div><div class=\"et_pb_module et_pb_button_module_wrapper et_pb_button_1_wrapper preset--module--divi-button--default_wrapper\"><a class=\"et_pb_button_1 et_pb_button et_pb_bg_layout_light et_pb_module et_flex_module preset--module--divi-button--default\" href=\"\">En savoir plus<\/a><\/div><\/div><div class=\"et_pb_column_6 et_pb_column et_pb_column_1_3 et_block_column et_pb_css_mix_blend_mode_passthrough preset--module--divi-column--50607da8-57bc-4d4b-aaef-f02e41c2cc4a\"><div class=\"et_pb_blurb_1 et_pb_blurb et_pb_bg_layout_light et_pb_blurb_position_top et_pb_module et_flex_module preset--module--divi-blurb--default\"><div class=\"et_pb_blurb_content et_flex_module\"><div class=\"et_pb_main_blurb_image\"><span class=\"et_pb_image_wrap et_pb_only_image_mode_wrap\"><img decoding=\"async\" src=\"https:\/\/images.unsplash.com\/photo-1740497708249-555d807a157a?ixid=M3w1ODkyNzF8MHwxfHNlYXJjaHw3fHxsdXh1cmlvdXMlMjBnJUMzJUFFdGUlMjBhbWVuaXRpZXN8ZW58MHwwfHx8MTc3MDQ2MTI4NHww&#038;ixlib=rb-4.1.0&#038;fm=webp&#038;fit=crop&#038;crop=entropy&#038;w=800&#038;h=600&#038;q=20&#038;dpr=2\" class=\"et-waypoint et_pb_animation_off et_pb_animation_off_tablet et_pb_animation_off_phone\" \/><\/span><\/div><div class=\"et_pb_blurb_container\"><h4 class=\"et_pb_module_header\">G\u00eete de la Montagne<\/h4><div class=\"et_pb_blurb_description\"><p>Profitez d'une vue imprenable sur les montagnes, avec des espaces de vie spacieux et une ambiance apaisante pour des moments de d\u00e9tente absolue.<\/p>\n<\/div><\/div><\/div><\/div><div class=\"et_pb_module et_pb_button_module_wrapper et_pb_button_2_wrapper preset--module--divi-button--default_wrapper\"><a class=\"et_pb_button_2 et_pb_button et_pb_bg_layout_light et_pb_module et_flex_module preset--module--divi-button--default\" href=\"\">En savoir plus<\/a><\/div><\/div><div class=\"et_pb_column_7 et_pb_column et_pb_column_1_3 et-last-child et_block_column et_pb_css_mix_blend_mode_passthrough preset--module--divi-column--50607da8-57bc-4d4b-aaef-f02e41c2cc4a\"><div class=\"et_pb_blurb_2 et_pb_blurb et_pb_bg_layout_light et_pb_blurb_position_top et_pb_module et_flex_module preset--module--divi-blurb--default\"><div class=\"et_pb_blurb_content et_flex_module\"><div class=\"et_pb_main_blurb_image\"><span class=\"et_pb_image_wrap et_pb_only_image_mode_wrap\"><img decoding=\"async\" src=\"https:\/\/images.unsplash.com\/photo-1747323241726-86463f96bd19?ixid=M3w1ODkyNzF8MHwxfHNlYXJjaHwyfHxpbnZpdGluZyUyMG91dGRvb3IlMjBzZWF0aW5nfGVufDB8MHx8fDE3NzA0NjEyODR8MA&#038;ixlib=rb-4.1.0&#038;fm=webp&#038;fit=crop&#038;crop=entropy&#038;w=800&#038;h=600&#038;q=20&#038;dpr=2\" class=\"et-waypoint et_pb_animation_off et_pb_animation_off_tablet et_pb_animation_off_phone\" \/><\/span><\/div><div class=\"et_pb_blurb_container\"><h4 class=\"et_pb_module_header\">G\u00eete de la Prairie<\/h4><div class=\"et_pb_blurb_description\"><p>D\u00e9couvrez le charme bucolique d'une prairie verdoyante, avec des installations de qualit\u00e9 et une atmosph\u00e8re conviviale pour des s\u00e9jours m\u00e9morables.<\/p>\n<\/div><\/div><\/div><\/div><div class=\"et_pb_module et_pb_button_module_wrapper et_pb_button_3_wrapper preset--module--divi-button--default_wrapper\"><a class=\"et_pb_button_3 et_pb_button et_pb_bg_layout_light et_pb_module et_flex_module preset--module--divi-button--default\" href=\"\">En savoir plus<\/a><\/div><\/div><\/div><\/div><div class=\"et_pb_section_3 et_pb_section et_section_regular et_block_section\"><div class=\"et_pb_row_4 et_pb_row et_block_row preset--module--divi-row--5138c454-be54-4233-bd3b-f8e6a8747976\"><div class=\"et_pb_column_8 et_pb_column et_pb_column_2_5 et_block_column et_pb_css_mix_blend_mode_passthrough preset--module--divi-column--73121f80-a3ef-4484-8763-c3f18e3c56d2\"><div class=\"et_pb_heading_5 et_pb_heading et_pb_module et_flex_module preset--module--divi-heading--ba4a6336-701f-47b8-bf5c-09da0ce28016\"><div class=\"et_pb_heading_container\"><h2 class=\"et_pb_module_header\">Explore the Enchanting Surroundings<\/h2><\/div><\/div><div class=\"et_pb_image_1 et_pb_image et_pb_module et_flex_module preset--module--divi-image--6ed8fd5c-62c5-4100-98c3-7b8b6d2c2ee6\"><span class=\"et_pb_image_wrap\"><img decoding=\"async\" src=\"https:\/\/images.unsplash.com\/photo-1576910913599-e2ae00908188?ixid=M3w1ODkyNzF8MHwxfHNlYXJjaHwzfHxtYWplc3RpYyUyMG1vdW50YWluJTIwdmlld3xlbnwwfDB8fHwxNzcwNDYxMjg0fDA&#038;ixlib=rb-4.1.0&#038;fm=webp&#038;fit=crop&#038;crop=entropy&#038;w=1080&#038;h=600&#038;q=20&#038;dpr=2\" title=\"1080x600\" \/><\/span><\/div><\/div><div class=\"et_pb_column_9 et_pb_column et_pb_column_3_5 et-last-child et_block_column et_pb_css_mix_blend_mode_passthrough preset--module--divi-column--73121f80-a3ef-4484-8763-c3f18e3c56d2\"><div class=\"et_pb_image_2 et_pb_image et_pb_module et_flex_module preset--module--divi-image--6ed8fd5c-62c5-4100-98c3-7b8b6d2c2ee6\"><span class=\"et_pb_image_wrap\"><img decoding=\"async\" src=\"https:\/\/images.unsplash.com\/photo-1767602221751-7a3c3e318ff1?ixid=M3w1ODkyNzF8MHwxfHNlYXJjaHw3fHx0cmFucXVpbCUyMGZvcmVzdCUyMHBhdGh8ZW58MHwwfHx8MTc3MDQ2MTI4NHww&#038;ixlib=rb-4.1.0&#038;fm=webp&#038;fit=crop&#038;crop=entropy&#038;w=1080&#038;h=600&#038;q=20&#038;dpr=2\" title=\"1080x600\" \/><\/span><\/div><div class=\"et_pb_text_2 et_pb_text et_pb_bg_layout_light et_pb_module et_flex_module preset--module--divi-text--default\"><div class=\"et_pb_text_inner\"><p>Nestled amidst the breathtaking landscapes of Loz\u00e8re, our g\u00eetes are surrounded by lush forests, majestic mountains, and serene prairies. The natural beauty of the region offers a perfect backdrop for a tranquil escape, inviting you to immerse yourself in the untouched wilderness. Whether you're wandering through the dense woodlands or gazing at the panoramic mountain views, the environment here promises an unforgettable experience of peace and serenity.<\/p>\n<\/div><\/div><\/div><\/div><\/div><div class=\"et_pb_section_4 et_pb_section et_section_regular et_block_section\"><div class=\"et_pb_row_5 et_pb_row et_block_row preset--module--divi-row--5138c454-be54-4233-bd3b-f8e6a8747976\"><div class=\"et_pb_column_10 et_pb_column et_pb_column_4_4 et-last-child et_block_column et_pb_css_mix_blend_mode_passthrough preset--module--divi-column--73121f80-a3ef-4484-8763-c3f18e3c56d2\"><div class=\"et_pb_heading_6 et_pb_heading et_pb_module et_flex_module preset--module--divi-heading--f0c675ea-2574-4d0e-b725-30f8550a8550\"><div class=\"et_pb_heading_container\"><h4 class=\"et_pb_module_header\">A Haven of Peace<\/h4><\/div><\/div><div class=\"et_pb_heading_7 et_pb_heading et_pb_module et_flex_module preset--module--divi-heading--8c21dae4-c59d-4c2b-958c-0e045c7f06d6\"><div class=\"et_pb_heading_container\"><h4 class=\"et_pb_module_header\">Experience the Ultimate Retreat at G\u00eetes de Loz\u00e8re<\/h4><\/div><\/div><div class=\"et_pb_text_3 et_pb_text et_pb_bg_layout_light et_pb_module et_flex_module preset--module--divi-text--default\"><div class=\"et_pb_text_inner\"><p>At G\u00eetes de Loz\u00e8re, we offer more than just a place to stay; we provide a sanctuary for your soul. Our g\u00eetes are designed to be a refuge from the hustle and bustle of everyday life, where you can unwind and reconnect with nature. Enjoy the gentle rustle of leaves, the fresh mountain air, and the soothing sounds of the countryside. Here, time slows down, allowing you to savor every moment of your stay, whether you're relaxing on the terrace or exploring the scenic trails nearby.<\/p>\n<\/div><\/div><\/div><\/div><\/div><div class=\"et_pb_section_5 et_pb_section et_section_regular et_block_section\"><div class=\"et_pb_row_6 et_pb_row et_block_row preset--module--divi-row--5138c454-be54-4233-bd3b-f8e6a8747976\"><div class=\"et_pb_column_11 et_pb_column et_pb_column_4_4 et-last-child et_block_column et_pb_css_mix_blend_mode_passthrough preset--module--divi-column--73121f80-a3ef-4484-8763-c3f18e3c56d2\"><div class=\"et_pb_heading_8 et_pb_heading et_pb_module et_flex_module preset--module--divi-heading--default\"><div class=\"et_pb_heading_container\"><h2 class=\"et_pb_module_header\">What Our Guests Say<\/h2><\/div><\/div><\/div><\/div><div class=\"et_pb_row_7 et_pb_row et_block_row preset--module--divi-row--5138c454-be54-4233-bd3b-f8e6a8747976\"><div class=\"et_pb_column_12 et_pb_column et_pb_column_1_2 et_block_column et_pb_css_mix_blend_mode_passthrough preset--module--divi-column--73121f80-a3ef-4484-8763-c3f18e3c56d2\"><div class=\"et_pb_icon_0 et_pb_icon et_pb_module et_flex_module ai_ignore_font_icon preset--module--divi-icon--default\"><span class=\"et_pb_icon_wrap\"><span class=\"et-pb-icon\">\uf10d<\/span><\/span><\/div><div class=\"et_pb_text_4 et_pb_text et_pb_bg_layout_light et_pb_module et_flex_module preset--module--divi-text--default\"><div class=\"et_pb_text_inner\"><p><b>\u2605<\/b><b>\u2605<\/b><b>\u2605<\/b><b>\u2605<\/b><b>\u2605<\/b><\/p>\n<\/div><\/div><div class=\"et_pb_text_5 et_pb_text et_pb_bg_layout_light et_pb_module et_flex_module preset--module--divi-text--ca5459fa-2abd-4000-9b59-3cb483bcc17e\"><div class=\"et_pb_text_inner\"><p>\"Our stay at G\u00eetes de Loz\u00e8re was nothing short of magical. The tranquility of the surroundings and the comfort of the g\u00eete made it a perfect getaway. We left feeling rejuvenated and can't wait to return.\"<\/p>\n<\/div><\/div><div class=\"et_pb_blurb_3 et_pb_blurb et_pb_bg_layout_light et_pb_blurb_position_top et_pb_module et_flex_module preset--module--divi-blurb--default\"><div class=\"et_pb_blurb_content et_flex_module\"><div class=\"et_pb_main_blurb_image\"><span class=\"et_pb_image_wrap et_pb_only_image_mode_wrap\"><img decoding=\"async\" src=\"https:\/\/premadesections.divi.support\/premade\/wp-content\/uploads\/sites\/4\/2024\/04\/new-portrait-7-800x800-1.jpg\" class=\"et-waypoint et_pb_animation_off et_pb_animation_off_tablet et_pb_animation_off_phone\" \/><\/span><\/div><div class=\"et_pb_blurb_container\"><h4 class=\"et_pb_module_header\">Sophie L.<\/h4><div class=\"et_pb_blurb_description\"><p>Nature Enthusiast<\/p>\n<\/div><\/div><\/div><\/div><\/div><div class=\"et_pb_column_13 et_pb_column et_pb_column_1_2 et-last-child et_block_column et_pb_css_mix_blend_mode_passthrough preset--module--divi-column--73121f80-a3ef-4484-8763-c3f18e3c56d2\"><div class=\"et_pb_icon_1 et_pb_icon et_pb_module et_flex_module ai_ignore_font_icon preset--module--divi-icon--default\"><span class=\"et_pb_icon_wrap\"><span class=\"et-pb-icon\">\uf10d<\/span><\/span><\/div><div class=\"et_pb_text_6 et_pb_text et_pb_bg_layout_light et_pb_module et_flex_module preset--module--divi-text--default\"><div class=\"et_pb_text_inner\"><p><b>\u2605<\/b><b>\u2605<\/b><b>\u2605<\/b><b>\u2605<\/b><b>\u2605<\/b><\/p>\n<\/div><\/div><div class=\"et_pb_text_7 et_pb_text et_pb_bg_layout_light et_pb_module et_flex_module preset--module--divi-text--ca5459fa-2abd-4000-9b59-3cb483bcc17e\"><div class=\"et_pb_text_inner\"><p>\"The g\u00eetes offer a unique blend of rustic charm and modern comfort. Waking up to the sound of birds and the sight of rolling hills was a dream come true. Highly recommended for anyone seeking peace and quiet.\"<\/p>\n<\/div><\/div><div class=\"et_pb_blurb_4 et_pb_blurb et_pb_bg_layout_light et_pb_blurb_position_top et_pb_module et_flex_module preset--module--divi-blurb--default\"><div class=\"et_pb_blurb_content et_flex_module\"><div class=\"et_pb_main_blurb_image\"><span class=\"et_pb_image_wrap et_pb_only_image_mode_wrap\"><img decoding=\"async\" src=\"https:\/\/premadesections.divi.support\/premade\/wp-content\/uploads\/sites\/4\/2024\/04\/new-portrait-8-800x800-1.jpg\" class=\"et-waypoint et_pb_animation_off et_pb_animation_off_tablet et_pb_animation_off_phone\" \/><\/span><\/div><div class=\"et_pb_blurb_container\"><h4 class=\"et_pb_module_header\">Marc D.<\/h4><div class=\"et_pb_blurb_description\"><p>Urban Escapee<\/p>\n<\/div><\/div><\/div><\/div><\/div><\/div><\/div><div class=\"et_pb_section_6 et_pb_section et_section_regular et_block_section\"><div class=\"et_pb_row_8 et_pb_row et_block_row preset--module--divi-row--5138c454-be54-4233-bd3b-f8e6a8747976\"><div class=\"et_pb_column_14 et_pb_column et_pb_column_4_4 et-last-child et_block_column et_pb_css_mix_blend_mode_passthrough preset--module--divi-column--73121f80-a3ef-4484-8763-c3f18e3c56d2\"><div class=\"et_pb_cta_0 et_pb_promo et_pb_bg_layout_light et_pb_module et_flex_module preset--module--divi-cta--4c2ad5d0-871e-414e-a4be-aa9134d4ae8e\"><div class=\"et_pb_promo_description\"><h2 class=\"et_pb_module_header\">R\u00e9servez Votre S\u00e9jour de R\u00eave<\/h2><div class=\"et_pb_promo_content\"><p>Plongez dans un havre de paix en r\u00e9servant d\u00e8s maintenant votre s\u00e9jour aux G\u00eetes de Loz\u00e8re. Pour plus d'informations sur nos h\u00e9bergements et disponibilit\u00e9s, n'h\u00e9sitez pas \u00e0 nous contacter. Offrez-vous une parenth\u00e8se de calme au c\u0153ur de la nature.<\/p>\n<\/div><\/div><div class=\"et_pb_button_wrapper\"><a class=\"et_pb_button et_pb_promo_button\" href=\"#\">Contactez-nous<\/a><\/div><\/div><\/div><\/div><\/div>","protected":false},"excerpt":{"rendered":"","protected":false},"author":1,"featured_media":0,"parent":0,"menu_order":0,"comment_status":"closed","ping_status":"closed","template":"","meta":{"footnotes":""},"class_list":["post-10","page","type-page","status-publish","hentry"],"_links":{"self":[{"href":"https:\/\/wp-preprod.gitesdelozere.com\/index.php\/wp-json\/wp\/v2\/pages\/10","targetHints":{"allow":["GET"]}}],"collection":[{"href":"https:\/\/wp-preprod.gitesdelozere.com\/index.php\/wp-json\/wp\/v2\/pages"}],"about":[{"href":"https:\/\/wp-preprod.gitesdelozere.com\/index.php\/wp-json\/wp\/v2\/types\/page"}],"author":[{"embeddable":true,"href":"https:\/\/wp-preprod.gitesdelozere.com\/index.php\/wp-json\/wp\/v2\/users\/1"}],"replies":[{"embeddable":true,"href":"https:\/\/wp-preprod.gitesdelozere.com\/index.php\/wp-json\/wp\/v2\/comments?post=10"}],"version-history":[{"count":1,"href":"https:\/\/wp-preprod.gitesdelozere.com\/index.php\/wp-json\/wp\/v2\/pages\/10\/revisions"}],"predecessor-version":[{"id":27,"href":"https:\/\/wp-preprod.gitesdelozere.com\/index.php\/wp-json\/wp\/v2\/pages\/10\/revisions\/27"}],"wp:attachment":[{"href":"https:\/\/wp-preprod.gitesdelozere.com\/index.php\/wp-json\/wp\/v2\/media?parent=10"}],"curies":[{"name":"wp","href":"https:\/\/api.w.org\/{rel}","templated":true}]}}